{"id":67,"date":"2025-12-04T05:00:38","date_gmt":"2025-12-04T05:00:38","guid":{"rendered":"https:\/\/quynhuongmobile.com.vn\/?page_id=67"},"modified":"2025-12-05T03:43:16","modified_gmt":"2025-12-05T03:43:16","slug":"trang-chu","status":"publish","type":"page","link":"https:\/\/quynhuongmobile.com.vn\/","title":{"rendered":"TRANG CH\u1ee6"},"content":{"rendered":"<div class=\"row\"  id=\"row-1043098957\">\n\n\t<div id=\"col-1488779714\" class=\"col medium-3 small-12 large-3\"  >\n\t\t<div class=\"is-sticky-column\"><div class=\"is-sticky-column__inner\">\t\t<div class=\"col-inner box-shadow-2\"  >\n\t\t\t\n\t\t\t\n<div class=\"container section-title-container\" ><h4 class=\"section-title section-title-normal\"><b aria-hidden=\"true\"><\/b><span class=\"section-title-main\" >\u0111i\u1ec7n tho\u1ea1i<\/span><b aria-hidden=\"true\"><\/b><\/h4><\/div>\n<div class=\"custom-menu\">\n<ul>\n<li><a href=\"#\"><i class=\"fab fa-apple\"><\/i> IPhone<\/a><\/li>\n<li><a href=\"#\"><i class=\"fas fa-mobile-alt\"><\/i> Samsung<\/a><\/li>\n<li><a href=\"#\"><i class=\"fas fa-mobile-alt\"><\/i> Oppo<\/a><\/li>\n<li><a href=\"#\"><i class=\"fas fa-mobile\"><\/i> Xiaomi<\/a><\/li>\n<li><a href=\"#\"><i class=\"fas fa-headphones-alt\"><\/i> Sony<\/a><\/li>\n<li><a href=\"#\"><i class=\"fas fa-ellipsis-h\"><\/i> D\u00f2ng kh\u00e1c<\/a><\/li>\n<\/ul>\n<\/div>\n<p><script src=\"https:\/\/kit.fontawesome.com\/a076d05399.js\" crossorigin=\"anonymous\"><\/script><\/p>\n<div class=\"container section-title-container\" ><h4 class=\"section-title section-title-normal\"><b aria-hidden=\"true\"><\/b><span class=\"section-title-main\" >linh ki\u1ec7n \u0111i\u1ec7n tho\u1ea1i<\/span><b aria-hidden=\"true\"><\/b><\/h4><\/div>\n<div class=\"custom-menu\">\n<ul>\n<li><a href=\"#\"><i class=\"fab fa-apple\"><\/i> IPhone<\/a><\/li>\n<li><a href=\"#\"><i class=\"fas fa-mobile-alt\"><\/i> Samsung<\/a><\/li>\n<li><a href=\"#\"><i class=\"fas fa-mobile-alt\"><\/i> Oppo<\/a><\/li>\n<li><a href=\"#\"><i class=\"fas fa-mobile\"><\/i> Xiaomi<\/a><\/li>\n<li><a href=\"#\"><i class=\"fas fa-headphones-alt\"><\/i> Sony<\/a><\/li>\n<li><a href=\"#\"><i class=\"fas fa-ellipsis-h\"><\/i> D\u00f2ng kh\u00e1c<\/a><\/li>\n<\/ul>\n<\/div>\n<p><script src=\"https:\/\/kit.fontawesome.com\/a076d05399.js\" crossorigin=\"anonymous\"><\/script><\/p>\n<div class=\"container section-title-container\" ><h4 class=\"section-title section-title-normal\"><b aria-hidden=\"true\"><\/b><span class=\"section-title-main\" >s\u1eeda ch\u1eefa \u0111i\u1ec7n tho\u1ea1i<\/span><b aria-hidden=\"true\"><\/b><\/h4><\/div>\n<div class=\"custom-menu\">\n<ul>\n<li><a href=\"#\"><i class=\"fab fa-apple\"><\/i> IPhone<\/a><\/li>\n<li><a href=\"#\"><i class=\"fas fa-mobile-alt\"><\/i> Samsung<\/a><\/li>\n<li><a href=\"#\"><i class=\"fas fa-mobile-alt\"><\/i> Oppo<\/a><\/li>\n<li><a href=\"#\"><i class=\"fas fa-mobile\"><\/i> Xiaomi<\/a><\/li>\n<li><a href=\"#\"><i class=\"fas fa-headphones-alt\"><\/i> Sony<\/a><\/li>\n<li><a href=\"#\"><i class=\"fas fa-ellipsis-h\"><\/i> D\u00f2ng kh\u00e1c<\/a><\/li>\n<\/ul>\n<\/div>\n<p><script src=\"https:\/\/kit.fontawesome.com\/a076d05399.js\" crossorigin=\"anonymous\"><\/script><\/p>\n<div class=\"container section-title-container\" ><h4 class=\"section-title section-title-normal\"><b aria-hidden=\"true\"><\/b><span class=\"section-title-main\" >m\u00e1y \u00e9p kinh<\/span><b aria-hidden=\"true\"><\/b><\/h4><\/div>\n\t\t<\/div>\n\t\t<\/div><\/div>\t\t\n<style>\n#col-1488779714 > .is-sticky-column > .is-sticky-column__inner > .col-inner {\n  padding: 10px 0px 0px 10px;\n  border-radius: 17px;\n}\n<\/style>\n\t<\/div>\n\n\t\n\n\t<div id=\"col-1318648366\" class=\"col medium-9 small-12 large-9\"  >\n\t\t\t\t<div class=\"col-inner\"  >\n\t\t\t\n\t\t\t\n<div class=\"slider-wrapper relative\" id=\"slider-1663942962\" >\n    <div class=\"slider slider-nav-circle slider-nav-large slider-nav-light slider-style-normal\"\n        data-flickity-options='{\n            \"cellAlign\": \"center\",\n            \"imagesLoaded\": true,\n            \"lazyLoad\": 1,\n            \"freeScroll\": false,\n            \"wrapAround\": true,\n            \"autoPlay\": 6000,\n            \"pauseAutoPlayOnHover\" : true,\n            \"prevNextButtons\": true,\n            \"contain\" : true,\n            \"adaptiveHeight\" : true,\n            \"dragThreshold\" : 10,\n            \"percentPosition\": true,\n            \"pageDots\": true,\n            \"rightToLeft\": false,\n            \"draggable\": true,\n            \"selectedAttraction\": 0.1,\n            \"parallax\" : 0,\n            \"friction\": 0.6        }'\n        >\n        \n\t<div class=\"img has-hover x md-x lg-x y md-y lg-y\" id=\"image_1445369177\">\n\t\t\t\t\t\t\t\t<div class=\"img-inner dark\" >\n\t\t\t<img loading=\"lazy\" decoding=\"async\" width=\"1020\" height=\"319\" src=\"https:\/\/quynhuongmobile.com.vn\/wp-content\/uploads\/2025\/12\/iphone-17-pre-oder-web-1024x320.webp\" class=\"attachment-large size-large\" alt=\"\" srcset=\"https:\/\/quynhuongmobile.com.vn\/wp-content\/uploads\/2025\/12\/iphone-17-pre-oder-web-1024x320.webp 1024w, https:\/\/quynhuongmobile.com.vn\/wp-content\/uploads\/2025\/12\/iphone-17-pre-oder-web-300x94.webp 300w, https:\/\/quynhuongmobile.com.vn\/wp-content\/uploads\/2025\/12\/iphone-17-pre-oder-web-768x240.webp 768w, https:\/\/quynhuongmobile.com.vn\/wp-content\/uploads\/2025\/12\/iphone-17-pre-oder-web-600x188.webp 600w, https:\/\/quynhuongmobile.com.vn\/wp-content\/uploads\/2025\/12\/iphone-17-pre-oder-web.webp 1200w\" sizes=\"auto, (max-width: 1020px) 100vw, 1020px\" \/>\t\t\t\t\t\t\n\t\t\t\t\t<\/div>\n\t\t\t\t\t\t\t\t\n<style>\n#image_1445369177 {\n  width: 100%;\n}\n<\/style>\n\t<\/div>\n\t\n\t<div class=\"img has-hover x md-x lg-x y md-y lg-y\" id=\"image_1782758650\">\n\t\t\t\t\t\t\t\t<div class=\"img-inner dark\" >\n\t\t\t<img loading=\"lazy\" decoding=\"async\" width=\"1020\" height=\"319\" src=\"https:\/\/quynhuongmobile.com.vn\/wp-content\/uploads\/2025\/12\/poco-m7-web_638985658409392430-1024x320.webp\" class=\"attachment-large size-large\" alt=\"\" srcset=\"https:\/\/quynhuongmobile.com.vn\/wp-content\/uploads\/2025\/12\/poco-m7-web_638985658409392430-1024x320.webp 1024w, https:\/\/quynhuongmobile.com.vn\/wp-content\/uploads\/2025\/12\/poco-m7-web_638985658409392430-300x94.webp 300w, https:\/\/quynhuongmobile.com.vn\/wp-content\/uploads\/2025\/12\/poco-m7-web_638985658409392430-768x240.webp 768w, https:\/\/quynhuongmobile.com.vn\/wp-content\/uploads\/2025\/12\/poco-m7-web_638985658409392430-600x188.webp 600w, https:\/\/quynhuongmobile.com.vn\/wp-content\/uploads\/2025\/12\/poco-m7-web_638985658409392430.webp 1200w\" sizes=\"auto, (max-width: 1020px) 100vw, 1020px\" \/>\t\t\t\t\t\t\n\t\t\t\t\t<\/div>\n\t\t\t\t\t\t\t\t\n<style>\n#image_1782758650 {\n  width: 100%;\n}\n<\/style>\n\t<\/div>\n\t\n\t<div class=\"img has-hover x md-x lg-x y md-y lg-y\" id=\"image_1733964539\">\n\t\t\t\t\t\t\t\t<div class=\"img-inner dark\" >\n\t\t\t<img loading=\"lazy\" decoding=\"async\" width=\"1020\" height=\"319\" src=\"https:\/\/quynhuongmobile.com.vn\/wp-content\/uploads\/2025\/12\/s25-fe-1200x375-0112-1024x320.webp\" class=\"attachment-large size-large\" alt=\"\" srcset=\"https:\/\/quynhuongmobile.com.vn\/wp-content\/uploads\/2025\/12\/s25-fe-1200x375-0112-1024x320.webp 1024w, https:\/\/quynhuongmobile.com.vn\/wp-content\/uploads\/2025\/12\/s25-fe-1200x375-0112-300x94.webp 300w, https:\/\/quynhuongmobile.com.vn\/wp-content\/uploads\/2025\/12\/s25-fe-1200x375-0112-768x240.webp 768w, https:\/\/quynhuongmobile.com.vn\/wp-content\/uploads\/2025\/12\/s25-fe-1200x375-0112-600x188.webp 600w, https:\/\/quynhuongmobile.com.vn\/wp-content\/uploads\/2025\/12\/s25-fe-1200x375-0112.webp 1200w\" sizes=\"auto, (max-width: 1020px) 100vw, 1020px\" \/>\t\t\t\t\t\t\n\t\t\t\t\t<\/div>\n\t\t\t\t\t\t\t\t\n<style>\n#image_1733964539 {\n  width: 100%;\n}\n<\/style>\n\t<\/div>\n\t\n     <\/div>\n\n     <div class=\"loading-spin dark large centered\"><\/div>\n\n\t<\/div>\n\n\n<div class=\"row\"  id=\"row-1629435189\">\n\n\t<div id=\"col-1890042328\" class=\"col medium-4 small-12 large-4\"  >\n\t\t\t\t<div class=\"col-inner box-shadow-2\"  >\n\t\t\t\n\t\t\t\n\t<div class=\"img has-hover x md-x lg-x y md-y lg-y\" id=\"image_2101020606\">\n\t\t\t\t\t\t\t\t<div class=\"img-inner dark\" >\n\t\t\t<img loading=\"lazy\" decoding=\"async\" width=\"294\" height=\"155\" src=\"https:\/\/quynhuongmobile.com.vn\/wp-content\/uploads\/2025\/12\/sanphamhot2-x6c.webp\" class=\"attachment-large size-large\" alt=\"\" \/>\t\t\t\t\t\t\n\t\t\t\t\t<\/div>\n\t\t\t\t\t\t\t\t\n<style>\n#image_2101020606 {\n  width: 100%;\n}\n<\/style>\n\t<\/div>\n\t\n\t\t<\/div>\n\t\t\t\t\n<style>\n#col-1890042328 > .col-inner {\n  border-radius: 29px;\n}\n<\/style>\n\t<\/div>\n\n\t\n\n\t<div id=\"col-1148774426\" class=\"col medium-4 small-12 large-4\"  >\n\t\t\t\t<div class=\"col-inner box-shadow-2\"  >\n\t\t\t\n\t\t\t\n\t<div class=\"img has-hover x md-x lg-x y md-y lg-y\" id=\"image_570077281\">\n\t\t\t\t\t\t\t\t<div class=\"img-inner dark\" >\n\t\t\t<img loading=\"lazy\" decoding=\"async\" width=\"293\" height=\"154\" src=\"https:\/\/quynhuongmobile.com.vn\/wp-content\/uploads\/2025\/12\/web-poco-m7.webp\" class=\"attachment-large size-large\" alt=\"\" \/>\t\t\t\t\t\t\n\t\t\t\t\t<\/div>\n\t\t\t\t\t\t\t\t\n<style>\n#image_570077281 {\n  width: 100%;\n}\n<\/style>\n\t<\/div>\n\t\n\t\t<\/div>\n\t\t\t\t\n<style>\n#col-1148774426 > .col-inner {\n  border-radius: 29px;\n}\n<\/style>\n\t<\/div>\n\n\t\n\n\t<div id=\"col-1299072127\" class=\"col medium-4 small-12 large-4\"  >\n\t\t\t\t<div class=\"col-inner box-shadow-2\"  >\n\t\t\t\n\t\t\t\n\t<div class=\"img has-hover x md-x lg-x y md-y lg-y\" id=\"image_856376153\">\n\t\t\t\t\t\t\t\t<div class=\"img-inner dark\" >\n\t\t\t<img loading=\"lazy\" decoding=\"async\" width=\"293\" height=\"154\" src=\"https:\/\/quynhuongmobile.com.vn\/wp-content\/uploads\/2025\/12\/a17-a07-293x154-0112.webp\" class=\"attachment-large size-large\" alt=\"\" \/>\t\t\t\t\t\t\n\t\t\t\t\t<\/div>\n\t\t\t\t\t\t\t\t\n<style>\n#image_856376153 {\n  width: 100%;\n}\n<\/style>\n\t<\/div>\n\t\n\t\t<\/div>\n\t\t\t\t\n<style>\n#col-1299072127 > .col-inner {\n  border-radius: 29px;\n}\n<\/style>\n\t<\/div>\n\n\t\n<\/div>\n\t\n  \n    <div class=\"row large-columns-4 medium-columns-3 small-columns-2 row-small slider row-slider slider-nav-reveal slider-nav-push\"  data-flickity-options='{&quot;imagesLoaded&quot;: true, &quot;groupCells&quot;: &quot;100%&quot;, &quot;dragThreshold&quot; : 5, &quot;cellAlign&quot;: &quot;left&quot;,&quot;wrapAround&quot;: true,&quot;prevNextButtons&quot;: true,&quot;percentPosition&quot;: true,&quot;pageDots&quot;: false, &quot;rightToLeft&quot;: false, &quot;autoPlay&quot; : false}' >\n\n  \n\t     <div class=\"product-small col has-hover product type-product post-99 status-publish first instock product_cat-sua-dien-thoai has-post-thumbnail shipping-taxable purchasable product-type-simple\">\n\t<div class=\"col-inner\">\n\t\n<div class=\"badge-container absolute left top z-1\">\n\n<\/div>\n\t<div class=\"product-small box \">\n\t\t<div class=\"box-image\">\n\t\t\t<div class=\"image-fade_in_back\">\n\t\t\t\t<a href=\"https:\/\/quynhuongmobile.com.vn\/index.php\/san-pham\/99\/\">\n\t\t\t\t\t<img loading=\"lazy\" decoding=\"async\" width=\"300\" height=\"300\" src=\"https:\/\/quynhuongmobile.com.vn\/wp-content\/uploads\/2025\/12\/139100818-broken-phone-screen-close-up-on-white-background-300x300.jpg\" class=\"attachment-woocommerce_thumbnail size-woocommerce_thumbnail\" alt=\"Thay \u00c9p K\u00ednh iPhone X Ch\u00ednh H\u00e3ng\" srcset=\"https:\/\/quynhuongmobile.com.vn\/wp-content\/uploads\/2025\/12\/139100818-broken-phone-screen-close-up-on-white-background-300x300.jpg 300w, https:\/\/quynhuongmobile.com.vn\/wp-content\/uploads\/2025\/12\/139100818-broken-phone-screen-close-up-on-white-background-150x150.jpg 150w, https:\/\/quynhuongmobile.com.vn\/wp-content\/uploads\/2025\/12\/139100818-broken-phone-screen-close-up-on-white-background-100x100.jpg 100w\" sizes=\"auto, (max-width: 300px) 100vw, 300px\" \/>\t\t\t\t<\/a>\n\t\t\t<\/div>\n\t\t\t<div class=\"image-tools is-small top right show-on-hover\">\n\t\t\t\t\t\t\t<\/div>\n\t\t\t<div class=\"image-tools is-small hide-for-small bottom left show-on-hover\">\n\t\t\t\t\t\t\t<\/div>\n\t\t\t<div class=\"image-tools grid-tools text-center hide-for-small bottom hover-slide-in show-on-hover\">\n\t\t\t\t<a href=\"#quick-view\" class=\"quick-view\" role=\"button\" data-prod=\"99\" aria-haspopup=\"dialog\" aria-expanded=\"false\" data-flatsome-role-button>Xem nhanh<\/a>\t\t\t<\/div>\n\t\t\t\t\t<\/div>\n\n\t\t<div class=\"box-text box-text-products\">\n\t\t\t<div class=\"title-wrapper\"><p class=\"name product-title woocommerce-loop-product__title\"><a href=\"https:\/\/quynhuongmobile.com.vn\/index.php\/san-pham\/99\/\" class=\"woocommerce-LoopProduct-link woocommerce-loop-product__link\">Thay \u00c9p K\u00ednh iPhone X Ch\u00ednh H\u00e3ng<\/a><\/p><\/div><div class=\"price-wrapper\">\n\t<span class=\"price\"><span class=\"woocommerce-Price-amount amount\"><bdi>1.000.000&nbsp;<span class=\"woocommerce-Price-currencySymbol\">&#8363;<\/span><\/bdi><\/span><\/span>\n<\/div>\t\t<\/div>\n\t<\/div>\n\t\t<\/div>\n<\/div><\/div>\n\t\t<\/div>\n\t\t\t\t\t<\/div>\n\n\t\n<\/div>\n","protected":false},"excerpt":{"rendered":"","protected":false},"author":1,"featured_media":0,"parent":0,"menu_order":0,"comment_status":"closed","ping_status":"closed","template":"","meta":{"footnotes":""},"class_list":["post-67","page","type-page","status-publish","hentry"],"_links":{"self":[{"href":"https:\/\/quynhuongmobile.com.vn\/index.php\/wp-json\/wp\/v2\/pages\/67","targetHints":{"allow":["GET"]}}],"collection":[{"href":"https:\/\/quynhuongmobile.com.vn\/index.php\/wp-json\/wp\/v2\/pages"}],"about":[{"href":"https:\/\/quynhuongmobile.com.vn\/index.php\/wp-json\/wp\/v2\/types\/page"}],"author":[{"embeddable":true,"href":"https:\/\/quynhuongmobile.com.vn\/index.php\/wp-json\/wp\/v2\/users\/1"}],"replies":[{"embeddable":true,"href":"https:\/\/quynhuongmobile.com.vn\/index.php\/wp-json\/wp\/v2\/comments?post=67"}],"version-history":[{"count":13,"href":"https:\/\/quynhuongmobile.com.vn\/index.php\/wp-json\/wp\/v2\/pages\/67\/revisions"}],"predecessor-version":[{"id":98,"href":"https:\/\/quynhuongmobile.com.vn\/index.php\/wp-json\/wp\/v2\/pages\/67\/revisions\/98"}],"wp:attachment":[{"href":"https:\/\/quynhuongmobile.com.vn\/index.php\/wp-json\/wp\/v2\/media?parent=67"}],"curies":[{"name":"wp","href":"https:\/\/api.w.org\/{rel}","templated":true}]}}