{"id":99,"date":"2025-12-05T03:24:33","date_gmt":"2025-12-05T03:24:33","guid":{"rendered":"https:\/\/quynhuongmobile.com.vn\/?post_type=product&#038;p=99"},"modified":"2025-12-06T03:44:02","modified_gmt":"2025-12-06T03:44:02","slug":"99","status":"publish","type":"product","link":"https:\/\/quynhuongmobile.com.vn\/index.php\/san-pham\/99\/","title":{"rendered":"Thay \u00c9p K\u00ednh iPhone X Ch\u00ednh H\u00e3ng"},"content":{"rendered":"<h1 data-start=\"252\" data-end=\"333\"><strong data-start=\"254\" data-end=\"333\">Thay \u00c9p K\u00ednh iPhone X Ch\u00ednh H\u00e3ng \u2013 Gi\u1ea3i Ph\u00e1p Uy T\u00edn, Ti\u1ebft Ki\u1ec7m, B\u1ec1n Nh\u01b0 M\u1edbi<\/strong><\/h1>\n<div class=\"no-scrollbar flex min-h-36 flex-nowrap gap-0.5 overflow-auto sm:gap-1 sm:overflow-hidden xl:min-h-44 mt-1 mb-5 [&amp;:not(:first-child)]:mt-4\">\n<div class=\"border-token-border-default relative w-32 shrink-0 overflow-hidden rounded-xl border-[0.5px] md:shrink max-h-64 sm:w-[calc((100%-0.5rem)\/3)] rounded-s-xl\">\n<div><img loading=\"lazy\" decoding=\"async\" class=\"bg-token-main-surface-tertiary absolute inset-0 m-0 h-full w-full object-cover aligncenter\" src=\"https:\/\/m.media-amazon.com\/images\/I\/71kKPcopmKL.jpg?utm_source=chatgpt.com\" alt=\"https:\/\/m.media-amazon.com\/images\/I\/71kKPcopmKL.jpg?utm_source=chatgpt.com\" width=\"1600\" height=\"1600\" \/><\/div>\n<\/div>\n<div class=\"border-token-border-default relative w-32 shrink-0 overflow-hidden rounded-xl border-[0.5px] md:shrink max-h-64 sm:w-[calc((100%-0.5rem)\/3)]\">\n<div><img decoding=\"async\" class=\"bg-token-main-surface-tertiary absolute inset-0 m-0 h-full w-full object-cover\" src=\"https:\/\/i.ytimg.com\/vi\/iRSmtB1DyQE\/maxresdefault.jpg?utm_source=chatgpt.com\" alt=\"https:\/\/i.ytimg.com\/vi\/iRSmtB1DyQE\/maxresdefault.jpg?utm_source=chatgpt.com\" \/><\/div>\n<\/div>\n<div class=\"border-token-border-default relative w-32 shrink-0 overflow-hidden rounded-xl border-[0.5px] md:shrink max-h-64 sm:w-[calc((100%-0.5rem)\/3)] rounded-e-xl\">\n<div><img decoding=\"async\" class=\"bg-token-main-surface-tertiary absolute inset-0 m-0 h-full w-full object-cover\" src=\"https:\/\/previews.123rf.com\/images\/nadyginzburg\/nadyginzburg2001\/nadyginzburg200100826\/139100818-broken-phone-screen-close-up-on-white-background.jpg?utm_source=chatgpt.com\" alt=\"https:\/\/previews.123rf.com\/images\/nadyginzburg\/nadyginzburg2001\/nadyginzburg200100826\/139100818-broken-phone-screen-close-up-on-white-background.jpg?utm_source=chatgpt.com\" \/><\/div>\n<div class=\"pointer-events-none absolute end-2 bottom-2\">\n<div class=\"flex items-center gap-1 rounded-full px-2 py-1.5 text-white backdrop-blur-md backdrop-brightness-75\"><span class=\"text-xs font-semibold\">4<\/span><\/div>\n<\/div>\n<\/div>\n<\/div>\n<h2 data-start=\"377\" data-end=\"421\"><strong data-start=\"380\" data-end=\"421\">1. Khi n\u00e0o c\u1ea7n thay \u00e9p k\u00ednh iPhone X?<\/strong><\/h2>\n<p data-start=\"423\" data-end=\"540\">M\u00e0n h\u00ecnh iPhone X \u0111\u01b0\u1ee3c thi\u1ebft k\u1ebf theo d\u1ea1ng <strong data-start=\"465\" data-end=\"492\">\u00e9p k\u00ednh \u2013 m\u00e0n \u2013 c\u1ea3m \u1ee9ng<\/strong> li\u1ec1n kh\u1ed1i. V\u00ec v\u1eady, b\u1ea1n ch\u1ec9 c\u1ea7n <strong data-start=\"524\" data-end=\"535\">\u00e9p k\u00ednh<\/strong> khi:<\/p>\n<ul data-start=\"542\" data-end=\"707\">\n<li data-start=\"542\" data-end=\"615\">\n<p data-start=\"544\" data-end=\"615\">M\u1eb7t k\u00ednh b\u1ecb <strong data-start=\"556\" data-end=\"578\">n\u1ee9t, v\u1ee1, tr\u1ea7y x\u01b0\u1edbc<\/strong> nh\u01b0ng <strong data-start=\"585\" data-end=\"613\">hi\u1ec3n th\u1ecb v\u1eabn b\u00ecnh th\u01b0\u1eddng<\/strong><\/p>\n<\/li>\n<li data-start=\"616\" data-end=\"648\">\n<p data-start=\"618\" data-end=\"648\">C\u1ea3m \u1ee9ng kh\u00f4ng lo\u1ea1n, kh\u00f4ng \u0111\u01a1<\/p>\n<\/li>\n<li data-start=\"649\" data-end=\"707\">\n<p data-start=\"651\" data-end=\"707\">Kh\u00f4ng xu\u1ea5t hi\u1ec7n s\u1ecdc, ch\u1ea5m \u0111en, \u00e1m m\u00e0u hay m\u1ea5t hi\u1ec3n th\u1ecb<\/p>\n<\/li>\n<\/ul>\n<p data-start=\"709\" data-end=\"781\">\u0110\u00e2y l\u00e0 c\u00e1ch <strong data-start=\"721\" data-end=\"749\">ti\u1ebft ki\u1ec7m 40\u201360% chi ph\u00ed<\/strong> so v\u1edbi thay nguy\u00ean b\u1ed9 m\u00e0n h\u00ecnh.<\/p>\n<div class=\"no-scrollbar flex min-h-36 flex-nowrap gap-0.5 overflow-auto sm:gap-1 sm:overflow-hidden xl:min-h-44 mt-1 mb-5 [&amp;:not(:first-child)]:mt-4\">\n<div class=\"border-token-border-default relative w-32 shrink-0 overflow-hidden rounded-xl border-[0.5px] md:shrink max-h-64 sm:w-[calc((100%-0.5rem)\/3)] rounded-s-xl\">\n<div><img decoding=\"async\" class=\"bg-token-main-surface-tertiary absolute inset-0 m-0 h-full w-full object-cover\" src=\"https:\/\/blog.puls.com\/hs-fs\/hubfs\/iPhone%20X%20shatter.jpg?name=iPhone+X+shatter.jpg&amp;width=825&amp;utm_source=chatgpt.com\" alt=\"https:\/\/blog.puls.com\/hs-fs\/hubfs\/iPhone%20X%20shatter.jpg?name=iPhone+X+shatter.jpg&amp;width=825&amp;utm_source=chatgpt.com\" \/><\/div>\n<\/div>\n<div class=\"border-token-border-default relative w-32 shrink-0 overflow-hidden rounded-xl border-[0.5px] md:shrink max-h-64 sm:w-[calc((100%-0.5rem)\/3)] rounded-e-xl\">\n<div><img decoding=\"async\" class=\"bg-token-main-surface-tertiary absolute inset-0 m-0 h-full w-full object-cover\" src=\"https:\/\/images.openai.com\/static-rsc-1\/gS3IfbU2VVB9qc9FzwyWlV0lHzOe2NVypcjm8E2yJG3NNktCCMPSRQMrPUKzdob9ZyXh_EBd0XLy4QRgbLlC2JHqpVq1wbEIsoJa0ZTqow8rkKkQNAGoMsnGk1_N6dj2HuFi114Bx-S10xUkjsJr_A?utm_source=chatgpt.com\" alt=\"https:\/\/www.cnet.com\/a\/img\/resize\/2e31bbdacfd9ad5ac055e2b65cc1b6236194db66\/hub\/2017\/11\/04\/a87d8063-12ad-4309-acb4-416c94425163\/thumbnail.jpg?auto=webp&amp;fit=crop&amp;height=1200&amp;width=1200&amp;utm_source=chatgpt.com\" \/><\/div>\n<\/div>\n<\/div>\n<hr data-start=\"825\" data-end=\"828\" \/>\n<h2 data-start=\"830\" data-end=\"884\"><strong data-start=\"833\" data-end=\"884\">2. V\u00ec sao n\u00ean thay \u00e9p k\u00ednh iPhone X ch\u00ednh h\u00e3ng?<\/strong><\/h2>\n<h3 data-start=\"886\" data-end=\"921\">\u2714 <strong data-start=\"892\" data-end=\"919\">Gi\u1eef nguy\u00ean m\u00e0n h\u00ecnh zin<\/strong><\/h3>\n<p data-start=\"922\" data-end=\"1046\">Khi \u00e9p k\u00ednh, k\u1ef9 thu\u1eadt vi\u00ean ch\u1ec9 t\u00e1ch b\u1ecf l\u1edbp k\u00ednh ngo\u00e0i, ho\u00e0n to\u00e0n <strong data-start=\"987\" data-end=\"1030\">kh\u00f4ng can thi\u1ec7p v\u00e0o m\u00e0n h\u00ecnh v\u00e0 c\u1ea3m \u1ee9ng<\/strong>. \u0110i\u1ec1u n\u00e0y gi\u00fap:<\/p>\n<ul data-start=\"1048\" data-end=\"1184\">\n<li data-start=\"1048\" data-end=\"1087\">\n<p data-start=\"1050\" data-end=\"1087\">Gi\u1eef m\u00e0u s\u1eafc HDR s\u1eafc n\u00e9t nh\u01b0 ban \u0111\u1ea7u<\/p>\n<\/li>\n<li data-start=\"1088\" data-end=\"1133\">\n<p data-start=\"1090\" data-end=\"1133\">Gi\u1eef \u0111\u1ed9 nh\u1ea1y c\u1ea3m \u1ee9ng 3D Touch c\u1ee7a iPhone X<\/p>\n<\/li>\n<li data-start=\"1134\" data-end=\"1184\">\n<p data-start=\"1136\" data-end=\"1184\">Tr\u00e1nh t\u00ecnh tr\u1ea1ng m\u00e0n h\u00ecnh d\u1ef1ng, k\u00e9m ch\u1ea5t l\u01b0\u1ee3ng<\/p>\n<\/li>\n<\/ul>\n<h3 data-start=\"1186\" data-end=\"1220\">\u2714 <strong data-start=\"1192\" data-end=\"1218\">Ch\u1ea5t l\u01b0\u1ee3ng b\u1ec1n nh\u01b0 m\u1edbi<\/strong><\/h3>\n<p data-start=\"1221\" data-end=\"1296\">K\u00ednh ch\u00ednh h\u00e3ng \u0111\u01b0\u1ee3c \u00e9p b\u1eb1ng <strong data-start=\"1250\" data-end=\"1267\">keo OCA chu\u1ea9n<\/strong>, m\u00e1y \u00e9p ch\u00e2n kh\u00f4ng, \u0111\u1ea3m b\u1ea3o:<\/p>\n<ul data-start=\"1298\" data-end=\"1378\">\n<li data-start=\"1298\" data-end=\"1326\">\n<p data-start=\"1300\" data-end=\"1326\">Kh\u00f4ng b\u1ee5i, kh\u00f4ng b\u1ecdt kh\u00ed<\/p>\n<\/li>\n<li data-start=\"1327\" data-end=\"1360\">\n<p data-start=\"1329\" data-end=\"1360\">\u0110\u1ed9 b\u1ec1n cao, ch\u1ed1ng n\u1ee9t t\u1ed1t h\u01a1n<\/p>\n<\/li>\n<li data-start=\"1361\" data-end=\"1378\">\n<p data-start=\"1363\" data-end=\"1378\">Kh\u00f4ng h\u1edf s\u00e1ng<\/p>\n<\/li>\n<\/ul>\n<h3 data-start=\"1380\" data-end=\"1426\">\u2714 <strong data-start=\"1386\" data-end=\"1424\">Gi\u00e1 r\u1ebb h\u01a1n thay m\u00e0n h\u00ecnh nguy\u00ean b\u1ed9<\/strong><\/h3>\n<p data-start=\"1427\" data-end=\"1498\">\u00c9p k\u00ednh c\u00f3 chi ph\u00ed th\u1ea5p h\u01a1n nhi\u1ec1u nh\u01b0ng ch\u1ea5t l\u01b0\u1ee3ng t\u01b0\u01a1ng \u0111\u01b0\u01a1ng nh\u01b0 m\u1edbi.<\/p>\n<hr data-start=\"1500\" data-end=\"1503\" \/>\n<h2 data-start=\"1505\" data-end=\"1555\"><strong data-start=\"1508\" data-end=\"1555\">3. Quy tr\u00ecnh \u00e9p k\u00ednh iPhone X chuy\u00ean nghi\u1ec7p<\/strong><\/h2>\n<div class=\"no-scrollbar flex min-h-36 flex-nowrap gap-0.5 overflow-auto sm:gap-1 sm:overflow-hidden xl:min-h-44 mt-1 mb-5 [&amp;:not(:first-child)]:mt-4\">\n<div class=\"border-token-border-default relative w-32 shrink-0 overflow-hidden rounded-xl border-[0.5px] md:shrink max-h-64 sm:w-[calc((100%-0.5rem)\/3)] rounded-s-xl\">\n<div><img decoding=\"async\" class=\"bg-token-main-surface-tertiary absolute inset-0 m-0 h-full w-full object-cover\" src=\"https:\/\/i.ytimg.com\/vi\/AI0RS8Orv4k\/hq720.jpg?rs=AOn4CLBniYi2uykMOgP7o-Ihy9BWMmBrBw&amp;sqp=-oaymwEhCK4FEIIDSFryq4qpAxMIARUAAAAAGAElAADIQj0AgKJD&amp;utm_source=chatgpt.com\" alt=\"https:\/\/i.ytimg.com\/vi\/AI0RS8Orv4k\/hq720.jpg?rs=AOn4CLBniYi2uykMOgP7o-Ihy9BWMmBrBw&amp;sqp=-oaymwEhCK4FEIIDSFryq4qpAxMIARUAAAAAGAElAADIQj0AgKJD&amp;utm_source=chatgpt.com\" \/><\/div>\n<\/div>\n<div class=\"border-token-border-default relative w-32 shrink-0 overflow-hidden rounded-xl border-[0.5px] md:shrink max-h-64 sm:w-[calc((100%-0.5rem)\/3)]\">\n<div><img decoding=\"async\" class=\"bg-token-main-surface-tertiary absolute inset-0 m-0 h-full w-full object-cover\" src=\"https:\/\/rewa.tech\/wp-content\/uploads\/2025\/01\/separate-front-glass-02-1-1024x576.webp?utm_source=chatgpt.com\" alt=\"https:\/\/rewa.tech\/wp-content\/uploads\/2025\/01\/separate-front-glass-02-1-1024x576.webp?utm_source=chatgpt.com\" \/><\/div>\n<\/div>\n<div class=\"border-token-border-default relative w-32 shrink-0 overflow-hidden rounded-xl border-[0.5px] md:shrink max-h-64 sm:w-[calc((100%-0.5rem)\/3)] rounded-e-xl\">\n<div><img decoding=\"async\" class=\"bg-token-main-surface-tertiary absolute inset-0 m-0 h-full w-full object-cover\" src=\"https:\/\/forwardtools.com\/wp-content\/uploads\/2022\/04\/IOS-Full-automatic-OCA-Laminating-Machine.png?utm_source=chatgpt.com\" alt=\"https:\/\/forwardtools.com\/wp-content\/uploads\/2022\/04\/IOS-Full-automatic-OCA-Laminating-Machine.png?utm_source=chatgpt.com\" \/><\/div>\n<\/div>\n<\/div>\n<h3 data-start=\"1599\" data-end=\"1638\"><strong data-start=\"1603\" data-end=\"1636\">B\u01b0\u1edbc 1: Ki\u1ec3m tra l\u1ed7i m\u00e0n h\u00ecnh<\/strong><\/h3>\n<p data-start=\"1639\" data-end=\"1703\">K\u1ef9 thu\u1eadt vi\u00ean test c\u1ea3m \u1ee9ng, hi\u1ec3n th\u1ecb v\u00e0 c\u00e1c ch\u1ee9c n\u0103ng li\u00ean quan.<\/p>\n<h3 data-start=\"1705\" data-end=\"1739\"><strong data-start=\"1709\" data-end=\"1737\">B\u01b0\u1edbc 2: T\u00e1ch l\u1edbp k\u00ednh v\u1ee1<\/strong><\/h3>\n<p data-start=\"1740\" data-end=\"1806\">S\u1eed d\u1ee5ng m\u00e1y t\u00e1ch k\u00ednh chuy\u00ean d\u1ee5ng \u0111\u1ec3 \u0111\u1ea3m b\u1ea3o an to\u00e0n cho m\u00e0n h\u00ecnh.<\/p>\n<h3 data-start=\"1808\" data-end=\"1846\"><strong data-start=\"1812\" data-end=\"1844\">B\u01b0\u1edbc 3: \u00c9p k\u00ednh m\u1edbi b\u1eb1ng OCA<\/strong><\/h3>\n<p data-start=\"1847\" data-end=\"1934\">K\u00ednh ch\u00ednh h\u00e3ng \u0111\u01b0\u1ee3c \u00e9p b\u1eb1ng <strong data-start=\"1876\" data-end=\"1898\">m\u00e1y h\u1ea5p ch\u00e2n kh\u00f4ng<\/strong>, \u0111\u1ea3m b\u1ea3o trong su\u1ed1t, kh\u00f4ng b\u1ecdt kh\u00ed.<\/p>\n<h3 data-start=\"1936\" data-end=\"1987\"><strong data-start=\"1940\" data-end=\"1985\">B\u01b0\u1edbc 4: V\u1ec7 sinh \u2013 r\u00e1p m\u00e1y \u2013 test l\u1ea7n cu\u1ed1i<\/strong><\/h3>\n<p data-start=\"1988\" data-end=\"2041\">M\u00e1y \u0111\u01b0\u1ee3c ki\u1ec3m tra to\u00e0n b\u1ed9 loa, mic, Face ID, c\u1ea3m \u1ee9ng.<\/p>\n<hr data-start=\"2043\" data-end=\"2046\" \/>\n<h2 data-start=\"2048\" data-end=\"2099\"><strong data-start=\"2051\" data-end=\"2099\">4. B\u1ea3ng gi\u00e1 thay \u00e9p k\u00ednh iPhone X ch\u00ednh h\u00e3ng<\/strong><\/h2>\n<div class=\"TyagGW_tableContainer\">\n<div class=\"group TyagGW_tableWrapper flex w-fit flex-col-reverse\" tabindex=\"-1\">\n<table class=\"w-fit min-w-(--thread-content-width)\" data-start=\"2101\" data-end=\"2372\">\n<thead data-start=\"2101\" data-end=\"2139\">\n<tr data-start=\"2101\" data-end=\"2139\">\n<th data-start=\"2101\" data-end=\"2111\" data-col-size=\"sm\">D\u1ecbch v\u1ee5<\/th>\n<th data-start=\"2111\" data-end=\"2127\" data-col-size=\"sm\">Gi\u00e1 tham kh\u1ea3o<\/th>\n<th data-start=\"2127\" data-end=\"2139\" data-col-size=\"sm\">B\u1ea3o h\u00e0nh<\/th>\n<\/tr>\n<\/thead>\n<tbody data-start=\"2178\" data-end=\"2372\">\n<tr data-start=\"2178\" data-end=\"2238\">\n<td data-start=\"2178\" data-end=\"2197\" data-col-size=\"sm\">\u00c9p k\u00ednh iPhone X<\/td>\n<td data-start=\"2197\" data-end=\"2222\" data-col-size=\"sm\"><strong data-start=\"2199\" data-end=\"2221\">350.000 \u2013 550.000\u0111<\/strong><\/td>\n<td data-start=\"2222\" data-end=\"2238\" data-col-size=\"sm\">6 \u2013 12 th\u00e1ng<\/td>\n<\/tr>\n<tr data-start=\"2239\" data-end=\"2297\">\n<td data-start=\"2239\" data-end=\"2265\" data-col-size=\"sm\">Thay k\u00ednh l\u01b0ng iPhone X<\/td>\n<td data-start=\"2265\" data-end=\"2286\" data-col-size=\"sm\">450.000 \u2013 700.000\u0111<\/td>\n<td data-start=\"2286\" data-end=\"2297\" data-col-size=\"sm\">6 th\u00e1ng<\/td>\n<\/tr>\n<tr data-start=\"2298\" data-end=\"2372\">\n<td data-start=\"2298\" data-end=\"2335\" data-col-size=\"sm\">Thay m\u00e0n h\u00ecnh iPhone X (nguy\u00ean b\u1ed9)<\/td>\n<td data-start=\"2335\" data-end=\"2360\" data-col-size=\"sm\">1.500.000 \u2013 2.900.000\u0111<\/td>\n<td data-start=\"2360\" data-end=\"2372\" data-col-size=\"sm\">12 th\u00e1ng<\/td>\n<\/tr>\n<\/tbody>\n<\/table>\n<\/div>\n<\/div>\n<blockquote data-start=\"2374\" data-end=\"2474\">\n<p data-start=\"2376\" data-end=\"2474\"><em data-start=\"2376\" data-end=\"2474\">Gi\u00e1 c\u00f3 th\u1ec3 thay \u0111\u1ed5i t\u00f9y lo\u1ea1i k\u00ednh v\u00e0 th\u1eddi \u0111i\u1ec3m. Li\u00ean h\u1ec7 c\u1eeda h\u00e0ng \u0111\u1ec3 nh\u1eadn b\u00e1o gi\u00e1 ch\u00ednh x\u00e1c nh\u1ea5t.<\/em><\/p>\n<\/blockquote>\n<hr data-start=\"2476\" data-end=\"2479\" \/>\n<h2 data-start=\"2481\" data-end=\"2536\"><strong data-start=\"2484\" data-end=\"2536\">5. D\u1ea5u hi\u1ec7u \u00e9p k\u00ednh k\u00e9m ch\u1ea5t l\u01b0\u1ee3ng b\u1ea1n n\u00ean tr\u00e1nh<\/strong><\/h2>\n<ul data-start=\"2538\" data-end=\"2690\">\n<li data-start=\"2538\" data-end=\"2581\">\n<p data-start=\"2540\" data-end=\"2581\">M\u00e0n h\u00ecnh b\u1ecb <strong data-start=\"2552\" data-end=\"2562\">\u1ed1 v\u00e0ng<\/strong> ho\u1eb7c <strong data-start=\"2568\" data-end=\"2579\">h\u1edf s\u00e1ng<\/strong><\/p>\n<\/li>\n<li data-start=\"2582\" data-end=\"2626\">\n<p data-start=\"2584\" data-end=\"2626\">Xu\u1ea5t hi\u1ec7n <strong data-start=\"2594\" data-end=\"2610\">b\u1ee5i, b\u1ecdt kh\u00ed<\/strong> d\u01b0\u1edbi l\u1edbp k\u00ednh<\/p>\n<\/li>\n<li data-start=\"2627\" data-end=\"2660\">\n<p data-start=\"2629\" data-end=\"2660\">C\u1ea3m \u1ee9ng <strong data-start=\"2637\" data-end=\"2649\">k\u00e9m nh\u1ea1y<\/strong>, d\u1ec5 lo\u1ea1n<\/p>\n<\/li>\n<li data-start=\"2661\" data-end=\"2690\">\n<p data-start=\"2663\" data-end=\"2690\">K\u00ednh m\u1ecfng, d\u1ec5 n\u1ee9t tr\u1edf l\u1ea1i<\/p>\n<\/li>\n<\/ul>\n<p data-start=\"2692\" data-end=\"2788\">H\u00e3y ch\u1ecdn trung t\u00e2m s\u1eeda ch\u1eefa uy t\u00edn \u0111\u1ec3 \u0111\u1ea3m b\u1ea3o <strong data-start=\"2739\" data-end=\"2757\">\u0111\u1ed9 b\u1ec1n l\u00e2u d\u00e0i<\/strong> v\u00e0 gi\u1eef nguy\u00ean <strong data-start=\"2772\" data-end=\"2787\">gi\u00e1 tr\u1ecb m\u00e1y<\/strong>.<\/p>\n<hr data-start=\"2790\" data-end=\"2793\" \/>\n<h2 data-start=\"2795\" data-end=\"2854\"><strong data-start=\"2798\" data-end=\"2854\">6. \u0110\u1ecba ch\u1ec9 thay \u00e9p k\u00ednh iPhone X uy t\u00edn \u2013 ch\u00ednh h\u00e3ng<\/strong><\/h2>\n<p data-start=\"2856\" data-end=\"2883\">M\u1ed9t trung t\u00e2m chu\u1ea9n c\u1ea7n c\u00f3:<\/p>\n<ul data-start=\"2885\" data-end=\"3072\">\n<li data-start=\"2885\" data-end=\"2936\">\n<p data-start=\"2887\" data-end=\"2936\">M\u00e1y m\u00f3c \u00e9p k\u00ednh hi\u1ec7n \u0111\u1ea1i (OCA \u2013 h\u1ea5p ch\u00e2n kh\u00f4ng)<\/p>\n<\/li>\n<li data-start=\"2937\" data-end=\"2971\">\n<p data-start=\"2939\" data-end=\"2971\">K\u00ednh \u00e9p lo\u1ea1i A, ch\u1ea5t l\u01b0\u1ee3ng cao<\/p>\n<\/li>\n<li data-start=\"2972\" data-end=\"3008\">\n<p data-start=\"2974\" data-end=\"3008\">K\u1ef9 thu\u1eadt vi\u00ean 5+ n\u0103m kinh nghi\u1ec7m<\/p>\n<\/li>\n<li data-start=\"3009\" data-end=\"3051\">\n<p data-start=\"3011\" data-end=\"3051\">Cam k\u1ebft gi\u1eef nguy\u00ean Face ID, ch\u1ed1ng n\u01b0\u1edbc<\/p>\n<\/li>\n<li data-start=\"3052\" data-end=\"3072\">\n<p data-start=\"3054\" data-end=\"3072\">B\u1ea3o h\u00e0nh r\u00f5 r\u00e0ng<\/p>\n<\/li>\n<\/ul>\n<div class=\"no-scrollbar flex min-h-36 flex-nowrap gap-0.5 overflow-auto sm:gap-1 sm:overflow-hidden xl:min-h-44 mt-1 mb-5 [&amp;:not(:first-child)]:mt-4\">\n<div class=\"border-token-border-default relative w-32 shrink-0 overflow-hidden rounded-xl border-[0.5px] md:shrink max-h-64 sm:w-[calc((100%-0.5rem)\/3)] rounded-s-xl\">\n<div><img decoding=\"async\" class=\"bg-token-main-surface-tertiary absolute inset-0 m-0 h-full w-full object-cover\" src=\"https:\/\/images.openai.com\/static-rsc-1\/AlQIoE-Xfm2aECL9qBBkbTHeZFL_snM1NcqzSee4eHC0VHVYDQNBrfaXYA-W2kCL-V2bNuyh6d3i5iDGS6yLMK---tFLnbACrc4Js-CbGotHMaPxyWMJjUSNpuU7ZLzkpc8-V_pXzEGv7LimFpUeDQ?utm_source=chatgpt.com\" alt=\"https:\/\/img.tripi.vn\/cdn-cgi\/image\/width%3D700%2Cheight%3D700\/https%3A\/\/gcs.tripi.vn\/public-tripi\/tripi-feed\/img\/481267UOH\/anh-mo-ta.png?utm_source=chatgpt.com\" \/><\/div>\n<\/div>\n<div class=\"border-token-border-default relative w-32 shrink-0 overflow-hidden rounded-xl border-[0.5px] md:shrink max-h-64 sm:w-[calc((100%-0.5rem)\/3)] rounded-e-xl\">\n<div><img decoding=\"async\" class=\"bg-token-main-surface-tertiary absolute inset-0 m-0 h-full w-full object-cover\" src=\"https:\/\/housingsgn.com\/wp-content\/uploads\/2024\/11\/Dien-Thoai-Viet.jpg?utm_source=chatgpt.com\" alt=\"https:\/\/housingsgn.com\/wp-content\/uploads\/2024\/11\/Dien-Thoai-Viet.jpg?utm_source=chatgpt.com\" \/><\/div>\n<\/div>\n<\/div>\n<hr data-start=\"3116\" data-end=\"3119\" \/>\n<h2 data-start=\"3121\" data-end=\"3139\"><strong data-start=\"3124\" data-end=\"3139\">7. K\u1ebft lu\u1eadn<\/strong><\/h2>\n<p data-start=\"3141\" data-end=\"3428\"><strong data-start=\"3141\" data-end=\"3177\">Thay \u00e9p k\u00ednh iPhone X ch\u00ednh h\u00e3ng<\/strong> l\u00e0 gi\u1ea3i ph\u00e1p <strong data-start=\"3191\" data-end=\"3235\">ti\u1ebft ki\u1ec7m \u2013 an to\u00e0n \u2013 gi\u1eef nguy\u00ean m\u00e0n zin<\/strong>, gi\u00fap m\u00e1y c\u1ee7a b\u1ea1n \u0111\u1eb9p nh\u01b0 m\u1edbi m\u00e0 kh\u00f4ng t\u1ed1n qu\u00e1 nhi\u1ec1u chi ph\u00ed.<br data-start=\"3297\" data-end=\"3300\" \/>N\u1ebfu k\u00ednh b\u1ecb n\u1ee9t nh\u01b0ng m\u00e0n h\u00ecnh v\u1eabn ho\u1ea1t \u0111\u1ed9ng b\u00ecnh th\u01b0\u1eddng, b\u1ea1n ho\u00e0n to\u00e0n c\u00f3 th\u1ec3 ch\u1ecdn <strong data-start=\"3384\" data-end=\"3395\">\u00e9p k\u00ednh<\/strong> thay v\u00ec thay m\u00e0n h\u00ecnh nguy\u00ean b\u1ed9.<\/p>\n","protected":false},"excerpt":{"rendered":"<p data-start=\"331\" data-end=\"504\"><strong data-start=\"331\" data-end=\"504\">D\u1ecbch v\u1ee5 thay \u00e9p k\u00ednh iPhone X ch\u00ednh h\u00e3ng, gi\u1eef nguy\u00ean m\u00e0n h\u00ecnh zin, \u00e9p k\u00ednh OCA kh\u00f4ng b\u1ecdt kh\u00ed. Gi\u00e1 r\u1ebb, b\u1ea3o h\u00e0nh d\u00e0i h\u1ea1n, k\u1ef9 thu\u1eadt vi\u00ean chuy\u00ean nghi\u1ec7p \u2013 s\u1eeda nhanh l\u1ea5y li\u1ec1n.<\/strong><\/p>\n","protected":false},"featured_media":100,"comment_status":"open","ping_status":"closed","template":"","meta":[],"product_brand":[],"product_cat":[17],"product_tag":[],"class_list":{"0":"post-99","1":"product","2":"type-product","3":"status-publish","4":"has-post-thumbnail","6":"product_cat-sua-dien-thoai","8":"first","9":"instock","10":"shipping-taxable","11":"purchasable","12":"product-type-simple"},"_links":{"self":[{"href":"https:\/\/quynhuongmobile.com.vn\/index.php\/wp-json\/wp\/v2\/product\/99","targetHints":{"allow":["GET"]}}],"collection":[{"href":"https:\/\/quynhuongmobile.com.vn\/index.php\/wp-json\/wp\/v2\/product"}],"about":[{"href":"https:\/\/quynhuongmobile.com.vn\/index.php\/wp-json\/wp\/v2\/types\/product"}],"replies":[{"embeddable":true,"href":"https:\/\/quynhuongmobile.com.vn\/index.php\/wp-json\/wp\/v2\/comments?post=99"}],"wp:featuredmedia":[{"embeddable":true,"href":"https:\/\/quynhuongmobile.com.vn\/index.php\/wp-json\/wp\/v2\/media\/100"}],"wp:attachment":[{"href":"https:\/\/quynhuongmobile.com.vn\/index.php\/wp-json\/wp\/v2\/media?parent=99"}],"wp:term":[{"taxonomy":"product_brand","embeddable":true,"href":"https:\/\/quynhuongmobile.com.vn\/index.php\/wp-json\/wp\/v2\/product_brand?post=99"},{"taxonomy":"product_cat","embeddable":true,"href":"https:\/\/quynhuongmobile.com.vn\/index.php\/wp-json\/wp\/v2\/product_cat?post=99"},{"taxonomy":"product_tag","embeddable":true,"href":"https:\/\/quynhuongmobile.com.vn\/index.php\/wp-json\/wp\/v2\/product_tag?post=99"}],"curies":[{"name":"wp","href":"https:\/\/api.w.org\/{rel}","templated":true}]}}